{"id":115,"date":"2026-03-26T20:56:16","date_gmt":"2026-03-26T19:56:16","guid":{"rendered":"https:\/\/fhsolutions-winf.gbsl.website\/?post_type=product&#038;p=115"},"modified":"2026-05-01T15:26:16","modified_gmt":"2026-05-01T13:26:16","slug":"mini-drohne","status":"publish","type":"product","link":"https:\/\/fhsolutions-winf.gbsl.website\/index.php\/produkt\/mini-drohne\/","title":{"rendered":"Mini Drohne"},"content":{"rendered":"<p>Ultrakompakt und perfekt f\u00fcr den Indoor-Einsatz \u2013 die Mini Drohne bietet trotz ihrer Gr\u00f6\u00dfe \u00fcberraschend stabile Flugeigenschaften. Ideal f\u00fcr Anf\u00e4nger, Kinder oder einfach f\u00fcr Spa\u00df zwischendurch, l\u00e4sst sie sich leicht steuern und \u00fcberallhin mitnehmen. Perfekt f\u00fcr erste Flugerfahrungen auf kleinstem Raum.<\/p>\n","protected":false},"excerpt":{"rendered":"<p>Ultrakompakt, leicht und perfekt f\u00fcr Indoor-Fl\u00fcge \u2013 ideal f\u00fcr Einsteiger und schnellen Flugspass.<\/p>\n","protected":false},"featured_media":119,"comment_status":"open","ping_status":"closed","template":"","meta":[],"product_brand":[],"product_cat":[17],"product_tag":[],"class_list":{"0":"post-115","1":"product","2":"type-product","3":"status-publish","4":"has-post-thumbnail","6":"product_cat-unkategorisiert","8":"first","9":"instock","10":"virtual","11":"purchasable","12":"product-type-simple"},"_links":{"self":[{"href":"https:\/\/fhsolutions-winf.gbsl.website\/index.php\/wp-json\/wp\/v2\/product\/115","targetHints":{"allow":["GET"]}}],"collection":[{"href":"https:\/\/fhsolutions-winf.gbsl.website\/index.php\/wp-json\/wp\/v2\/product"}],"about":[{"href":"https:\/\/fhsolutions-winf.gbsl.website\/index.php\/wp-json\/wp\/v2\/types\/product"}],"replies":[{"embeddable":true,"href":"https:\/\/fhsolutions-winf.gbsl.website\/index.php\/wp-json\/wp\/v2\/comments?post=115"}],"wp:featuredmedia":[{"embeddable":true,"href":"https:\/\/fhsolutions-winf.gbsl.website\/index.php\/wp-json\/wp\/v2\/media\/119"}],"wp:attachment":[{"href":"https:\/\/fhsolutions-winf.gbsl.website\/index.php\/wp-json\/wp\/v2\/media?parent=115"}],"wp:term":[{"taxonomy":"product_brand","embeddable":true,"href":"https:\/\/fhsolutions-winf.gbsl.website\/index.php\/wp-json\/wp\/v2\/product_brand?post=115"},{"taxonomy":"product_cat","embeddable":true,"href":"https:\/\/fhsolutions-winf.gbsl.website\/index.php\/wp-json\/wp\/v2\/product_cat?post=115"},{"taxonomy":"product_tag","embeddable":true,"href":"https:\/\/fhsolutions-winf.gbsl.website\/index.php\/wp-json\/wp\/v2\/product_tag?post=115"}],"curies":[{"name":"wp","href":"https:\/\/api.w.org\/{rel}","templated":true}]}}