{"id":112,"date":"2026-03-26T19:37:56","date_gmt":"2026-03-26T18:37:56","guid":{"rendered":"https:\/\/fhsolutions-winf.gbsl.website\/?post_type=product&#038;p=112"},"modified":"2026-05-01T15:26:16","modified_gmt":"2026-05-01T13:26:16","slug":"grosse-drohne","status":"publish","type":"product","link":"https:\/\/fhsolutions-winf.gbsl.website\/index.php\/produkt\/grosse-drohne\/","title":{"rendered":"Grosse Drohne"},"content":{"rendered":"<p>Die gro\u00dfe Drohne ist ein professionelles High-End-Modell f\u00fcr anspruchsvolle Eins\u00e4tze. Ausgestattet mit Hinderniserkennung, langer Flugzeit und einer hochaufl\u00f6senden Kamera inklusive Zoom-Funktion, eignet sie sich perfekt f\u00fcr Filmproduktionen, Inspektionen und industrielle Anwendungen. Maximale Leistung trifft hier auf h\u00f6chste Pr\u00e4zision.<\/p>\n","protected":false},"excerpt":{"rendered":"<p>Professionelle High-End-Drohne mit Top-Kamera, langer Flugzeit und Hinderniserkennung f\u00fcr anspruchsvolle Eins\u00e4tze.<\/p>\n","protected":false},"featured_media":113,"comment_status":"open","ping_status":"closed","template":"","meta":[],"product_brand":[],"product_cat":[17],"product_tag":[],"class_list":{"0":"post-112","1":"product","2":"type-product","3":"status-publish","4":"has-post-thumbnail","6":"product_cat-unkategorisiert","8":"first","9":"instock","10":"virtual","11":"purchasable","12":"product-type-simple"},"_links":{"self":[{"href":"https:\/\/fhsolutions-winf.gbsl.website\/index.php\/wp-json\/wp\/v2\/product\/112","targetHints":{"allow":["GET"]}}],"collection":[{"href":"https:\/\/fhsolutions-winf.gbsl.website\/index.php\/wp-json\/wp\/v2\/product"}],"about":[{"href":"https:\/\/fhsolutions-winf.gbsl.website\/index.php\/wp-json\/wp\/v2\/types\/product"}],"replies":[{"embeddable":true,"href":"https:\/\/fhsolutions-winf.gbsl.website\/index.php\/wp-json\/wp\/v2\/comments?post=112"}],"wp:featuredmedia":[{"embeddable":true,"href":"https:\/\/fhsolutions-winf.gbsl.website\/index.php\/wp-json\/wp\/v2\/media\/113"}],"wp:attachment":[{"href":"https:\/\/fhsolutions-winf.gbsl.website\/index.php\/wp-json\/wp\/v2\/media?parent=112"}],"wp:term":[{"taxonomy":"product_brand","embeddable":true,"href":"https:\/\/fhsolutions-winf.gbsl.website\/index.php\/wp-json\/wp\/v2\/product_brand?post=112"},{"taxonomy":"product_cat","embeddable":true,"href":"https:\/\/fhsolutions-winf.gbsl.website\/index.php\/wp-json\/wp\/v2\/product_cat?post=112"},{"taxonomy":"product_tag","embeddable":true,"href":"https:\/\/fhsolutions-winf.gbsl.website\/index.php\/wp-json\/wp\/v2\/product_tag?post=112"}],"curies":[{"name":"wp","href":"https:\/\/api.w.org\/{rel}","templated":true}]}}