{"id":107,"date":"2026-03-26T19:10:12","date_gmt":"2026-03-26T18:10:12","guid":{"rendered":"https:\/\/fhsolutions-winf.gbsl.website\/?post_type=product&#038;p=107"},"modified":"2026-05-01T15:26:16","modified_gmt":"2026-05-01T13:26:16","slug":"kleine-drohne","status":"publish","type":"product","link":"https:\/\/fhsolutions-winf.gbsl.website\/index.php\/produkt\/kleine-drohne\/","title":{"rendered":"Kleine Drohne"},"content":{"rendered":"<p><strong data-start=\"132\" data-end=\"166\">Kompakt, leicht und vielseitig<\/strong><br data-start=\"166\" data-end=\"169\" \/>Die kleine Drohne von FH Solution ist ideal f\u00fcr Einsteiger und Hobbyanwender. Dank ihrer kompakten Bauweise und einfachen Steuerung eignet sie sich perfekt f\u00fcr spontane Fl\u00fcge und erste Luftaufnahmen. Trotz ihrer Gr\u00f6\u00dfe \u00fcberzeugt sie mit stabiler Fluglage und solider Bildqualit\u00e4t \u2013 ideal f\u00fcr unterwegs.<\/p>\n","protected":false},"excerpt":{"rendered":"<p>Kompakt, leicht und einfach zu bedienen \u2013 ideal f\u00fcr Einsteiger und spontane Luftaufnahmen in HD-Qualit\u00e4t.<\/p>\n","protected":false},"featured_media":108,"comment_status":"open","ping_status":"closed","template":"","meta":[],"product_brand":[],"product_cat":[17],"product_tag":[18,19],"class_list":{"0":"post-107","1":"product","2":"type-product","3":"status-publish","4":"has-post-thumbnail","6":"product_cat-unkategorisiert","7":"product_tag-drohnen","8":"product_tag-dronen","10":"first","11":"instock","12":"virtual","13":"sold-individually","14":"purchasable","15":"product-type-simple"},"_links":{"self":[{"href":"https:\/\/fhsolutions-winf.gbsl.website\/index.php\/wp-json\/wp\/v2\/product\/107","targetHints":{"allow":["GET"]}}],"collection":[{"href":"https:\/\/fhsolutions-winf.gbsl.website\/index.php\/wp-json\/wp\/v2\/product"}],"about":[{"href":"https:\/\/fhsolutions-winf.gbsl.website\/index.php\/wp-json\/wp\/v2\/types\/product"}],"replies":[{"embeddable":true,"href":"https:\/\/fhsolutions-winf.gbsl.website\/index.php\/wp-json\/wp\/v2\/comments?post=107"}],"wp:featuredmedia":[{"embeddable":true,"href":"https:\/\/fhsolutions-winf.gbsl.website\/index.php\/wp-json\/wp\/v2\/media\/108"}],"wp:attachment":[{"href":"https:\/\/fhsolutions-winf.gbsl.website\/index.php\/wp-json\/wp\/v2\/media?parent=107"}],"wp:term":[{"taxonomy":"product_brand","embeddable":true,"href":"https:\/\/fhsolutions-winf.gbsl.website\/index.php\/wp-json\/wp\/v2\/product_brand?post=107"},{"taxonomy":"product_cat","embeddable":true,"href":"https:\/\/fhsolutions-winf.gbsl.website\/index.php\/wp-json\/wp\/v2\/product_cat?post=107"},{"taxonomy":"product_tag","embeddable":true,"href":"https:\/\/fhsolutions-winf.gbsl.website\/index.php\/wp-json\/wp\/v2\/product_tag?post=107"}],"curies":[{"name":"wp","href":"https:\/\/api.w.org\/{rel}","templated":true}]}}