{"id":21,"date":"2026-03-10T07:47:10","date_gmt":"2026-03-10T06:47:10","guid":{"rendered":"https:\/\/fhsolutions-winf.gbsl.website\/?page_id=21"},"modified":"2026-03-26T21:37:50","modified_gmt":"2026-03-26T20:37:50","slug":"startseite","status":"publish","type":"page","link":"https:\/\/fhsolutions-winf.gbsl.website\/","title":{"rendered":"Startseite"},"content":{"rendered":"\n<p><strong>Bringen Sie Ihre Perspektive auf ein neues Level<\/strong><\/p>\n\n\n\n<p>Willkommen bei FH Solutions  Ihrem Partner f\u00fcr moderne Drohnentechnologie.<br>Unsere Drohnen erm\u00f6glichen beeindruckende Luftaufnahmen in h\u00f6chster Qualit\u00e4t und er\u00f6ffnen v\u00f6llig neue Perspektiven f\u00fcr Content Creator, Unternehmen und Technikbegeisterte.<\/p>\n\n\n\n<p>Mit innovativer Technik, einfacher Bedienung und leistungsstarker Kamera setzen wir neue Ma\u00dfst\u00e4be in der Luftbildaufnahme.<\/p>\n\n\n\n<p>Entdecken Sie jetzt die Zukunft der Drohnen &#8211; mit FH Solutions.<\/p>\n","protected":false},"excerpt":{"rendered":"<p>Bringen Sie Ihre Perspektive auf ein neues Level Willkommen bei FH Solutions Ihrem Partner f\u00fcr moderne Drohnentechnologie.Unsere Drohnen erm\u00f6glichen beeindruckende Luftaufnahmen in h\u00f6chster Qualit\u00e4t und er\u00f6ffnen v\u00f6llig neue Perspektiven f\u00fcr Content Creator, Unternehmen und Technikbegeisterte. Mit innovativer Technik, einfacher Bedienung und leistungsstarker Kamera setzen wir neue Ma\u00dfst\u00e4be in der Luftbildaufnahme. Entdecken Sie jetzt die Zukunft &hellip; <\/p>\n<p class=\"link-more\"><a href=\"https:\/\/fhsolutions-winf.gbsl.website\/\" class=\"more-link\"><span class=\"screen-reader-text\">&#171;Startseite&#187;<\/span> weiterlesen<\/a><\/p>\n","protected":false},"author":1,"featured_media":0,"parent":0,"menu_order":0,"comment_status":"closed","ping_status":"closed","template":"","meta":{"footnotes":""},"class_list":["post-21","page","type-page","status-publish","hentry"],"_links":{"self":[{"href":"https:\/\/fhsolutions-winf.gbsl.website\/index.php\/wp-json\/wp\/v2\/pages\/21","targetHints":{"allow":["GET"]}}],"collection":[{"href":"https:\/\/fhsolutions-winf.gbsl.website\/index.php\/wp-json\/wp\/v2\/pages"}],"about":[{"href":"https:\/\/fhsolutions-winf.gbsl.website\/index.php\/wp-json\/wp\/v2\/types\/page"}],"author":[{"embeddable":true,"href":"https:\/\/fhsolutions-winf.gbsl.website\/index.php\/wp-json\/wp\/v2\/users\/1"}],"replies":[{"embeddable":true,"href":"https:\/\/fhsolutions-winf.gbsl.website\/index.php\/wp-json\/wp\/v2\/comments?post=21"}],"version-history":[{"count":2,"href":"https:\/\/fhsolutions-winf.gbsl.website\/index.php\/wp-json\/wp\/v2\/pages\/21\/revisions"}],"predecessor-version":[{"id":44,"href":"https:\/\/fhsolutions-winf.gbsl.website\/index.php\/wp-json\/wp\/v2\/pages\/21\/revisions\/44"}],"wp:attachment":[{"href":"https:\/\/fhsolutions-winf.gbsl.website\/index.php\/wp-json\/wp\/v2\/media?parent=21"}],"curies":[{"name":"wp","href":"https:\/\/api.w.org\/{rel}","templated":true}]}}